{"id":335,"date":"2017-12-05T19:22:47","date_gmt":"2017-12-05T18:22:47","guid":{"rendered":"https:\/\/www.urenaaragoncillo.es\/aviso-legal\/"},"modified":"2023-12-21T08:30:22","modified_gmt":"2023-12-21T07:30:22","slug":"aviso-legal","status":"publish","type":"page","link":"https:\/\/urenaaragoncillo.com\/en\/aviso-legal\/","title":{"rendered":"Aviso Legal"},"content":{"rendered":"<p><span lang=\"IT\" xml:lang=\"IT\">En cumplimiento del art\u00edculo 10 de la Ley 34\/2002, del 11 de julio, de servicios de la Sociedad de la Informaci\u00f3n y Comercio Electr\u00f3nico (LSSICE) se exponen a continuaci\u00f3n los datos identificativos de la empresa.<\/span><\/p>\n<p>Ver\u00f3nica Ure\u00f1a Garc\u00eda<\/p>\n<p>Ana Raquel Aragoncillo Sanz<\/p>\n<p><span lang=\"IT\" xml:lang=\"IT\">Domicilio social:<\/span><\/p>\n<p><span lang=\"IT\" xml:lang=\"IT\">PLAZA DE LA PAZ <span class=\"diysemanticplaceholder\" data-semantic-data-key=\"streetAddress\/number\">8<\/span><\/span><\/p>\n<p><span lang=\"IT\" xml:lang=\"IT\">12001 CASTELL\u00d3N<\/span><\/p>\n<p><span lang=\"IT\" xml:lang=\"IT\"> <\/span><span lang=\"IT\" xml:lang=\"IT\">Correo electr\u00f3nico:<\/span><\/p>\n<p><span lang=\"IT\" xml:lang=\"IT\">urena.aragoncillo@economistascastellon.com<\/span><\/p>\n<p><span lang=\"IT\" xml:lang=\"IT\"> <\/span><span lang=\"IT\" xml:lang=\"IT\">Tel\u00e9fono:<\/span><\/p>\n<p><span lang=\"IT\" xml:lang=\"IT\"><span class=\"diy-visible-on-nontouch\">+34 964 236510<\/span><\/span><\/p>\n<p>El despacho se encuentra adherido a los siguientes c\u00f3digos de conducta:<\/p>\n<p>ICEC (Ilustre Colegio de Economistas de Castell\u00f3n)<\/p>\n<p><span lang=\"IT\" xml:lang=\"IT\"> <\/span><\/p>\n<p><span lang=\"IT\" xml:lang=\"IT\">Precios y condiciones:<\/span><\/p>\n<p><span lang=\"IT\" xml:lang=\"IT\">Todos los precios estipulados en esta p\u00e1gina web o mediante presupuesto solicitado son de car\u00e1cter orientativo y pueden estar sujetos a modificaciones.<\/span><\/p>\n<p><span lang=\"NL\" xml:lang=\"NL\">Este sitio web ha sido creado para URE\u00d1A.ARAGONCILLO ASESORES AUDITORES con car\u00e1cter informativo y para uso personal de los usuarios. A trav\u00e9s de este Aviso legal, se pretende regular el acceso y uso de este sitio web, as\u00ed como la relaci\u00f3n entre el sitio web y sus usuarios.<\/span> <span lang=\"IT\" xml:lang=\"IT\">Accediendo a este sitio web se aceptan los siguientes t\u00e9rminos y condiciones: El acceso a este sitio web es responsabilidad exclusiva de los usuarios.<\/span><\/p>\n<p><span lang=\"IT\" xml:lang=\"IT\">El simple acceso a este sitio web no supone entablar ning\u00fan tipo de relaci\u00f3n comercial entre URE\u00d1A.ARAGONCILLO ASESORES Y AUDITORES y el usuario.<\/span><\/p>\n<p><span lang=\"IT\" xml:lang=\"IT\">El acceso y la navegaci\u00f3n en este sitio web supone aceptar y conocer las advertencias legales, condiciones y t\u00e9rminos de uso contenidas en ella.<\/span><\/p>\n<p><span lang=\"IT\" xml:lang=\"IT\">El titular del sitio web puede ofrecer servicios o productos que podr\u00e1n encontrarse sometidos a unas condiciones particulares propias que, seg\u00fan los casos, sustituyan, completen y\/o modifiquen las presentes condiciones, y sobre las cuales se informar\u00e1 al usuario en cada caso concreto.<\/span><\/p>\n","protected":false},"excerpt":{"rendered":"<p>En cumplimiento del art\u00edculo 10 de la Ley 34\/2002, del 11 de julio, de servicios de la Sociedad de la Informaci\u00f3n y Comercio Electr\u00f3nico (LSSICE) se exponen a continuaci\u00f3n los datos identificativos de la empresa. Ver\u00f3nica Ure\u00f1a Garc\u00eda Ana Raquel Aragoncillo Sanz Domicilio social: PLAZA DE LA PAZ 8 12001 CASTELL\u00d3N Correo electr\u00f3nico: urena.aragoncillo@economistascastellon.com Tel\u00e9fono: [&hellip;]<\/p>\n","protected":false},"author":1,"featured_media":0,"parent":0,"menu_order":0,"comment_status":"closed","ping_status":"closed","template":"","meta":{"_monsterinsights_skip_tracking":false,"_monsterinsights_sitenote_active":false,"_monsterinsights_sitenote_note":"","_monsterinsights_sitenote_category":0,"footnotes":""},"class_list":["post-335","page","type-page","status-publish","hentry"],"aioseo_notices":[],"_links":{"self":[{"href":"https:\/\/urenaaragoncillo.com\/en\/wp-json\/wp\/v2\/pages\/335","targetHints":{"allow":["GET"]}}],"collection":[{"href":"https:\/\/urenaaragoncillo.com\/en\/wp-json\/wp\/v2\/pages"}],"about":[{"href":"https:\/\/urenaaragoncillo.com\/en\/wp-json\/wp\/v2\/types\/page"}],"author":[{"embeddable":true,"href":"https:\/\/urenaaragoncillo.com\/en\/wp-json\/wp\/v2\/users\/1"}],"replies":[{"embeddable":true,"href":"https:\/\/urenaaragoncillo.com\/en\/wp-json\/wp\/v2\/comments?post=335"}],"version-history":[{"count":1,"href":"https:\/\/urenaaragoncillo.com\/en\/wp-json\/wp\/v2\/pages\/335\/revisions"}],"predecessor-version":[{"id":336,"href":"https:\/\/urenaaragoncillo.com\/en\/wp-json\/wp\/v2\/pages\/335\/revisions\/336"}],"wp:attachment":[{"href":"https:\/\/urenaaragoncillo.com\/en\/wp-json\/wp\/v2\/media?parent=335"}],"curies":[{"name":"wp","href":"https:\/\/api.w.org\/{rel}","templated":true}]}}